{"id":133,"date":"2025-10-10T07:22:22","date_gmt":"2025-10-10T07:22:22","guid":{"rendered":"https:\/\/vire.ovh\/?page_id=133"},"modified":"2025-10-16T07:26:36","modified_gmt":"2025-10-16T07:26:36","slug":"tarifsformationvire","status":"publish","type":"page","link":"https:\/\/vire.ovh\/index.php\/tarifsformationvire\/","title":{"rendered":"Tarifs"},"content":{"rendered":"\t\t<div data-elementor-type=\"wp-page\" data-elementor-id=\"133\" class=\"elementor elementor-133\">\n\t\t\t\t<div class=\"elementor-element elementor-element-3b22349 e-flex e-con-boxed jltma-glass-effect-no e-con e-parent\" data-id=\"3b22349\" data-element_type=\"container\" data-e-type=\"container\">\n\t\t\t\t\t<div class=\"e-con-inner\">\n\t\t\t\t<div class=\"elementor-element elementor-element-f42cbae jltma-glass-effect-no elementor-widget elementor-widget-spacer\" data-id=\"f42cbae\" data-element_type=\"widget\" data-e-type=\"widget\" data-widget_type=\"spacer.default\">\n\t\t\t\t\t\t\t<div class=\"elementor-spacer\">\n\t\t\t<div class=\"elementor-spacer-inner\"><\/div>\n\t\t<\/div>\n\t\t\t\t\t\t<\/div>\n\t\t\t\t<div class=\"elementor-element elementor-element-ba8d788 jltma-glass-effect-no elementor-widget elementor-widget-heading\" data-id=\"ba8d788\" data-element_type=\"widget\" data-e-type=\"widget\" data-widget_type=\"heading.default\">\n\t\t\t\t\t<h2 class=\"elementor-heading-title elementor-size-default\">TARIFS<\/h2>\t\t\t\t<\/div>\n\t\t\t\t<div class=\"elementor-element elementor-element-8558cbf jltma-glass-effect-no elementor-widget elementor-widget-spacer\" data-id=\"8558cbf\" data-element_type=\"widget\" data-e-type=\"widget\" data-widget_type=\"spacer.default\">\n\t\t\t\t\t\t\t<div class=\"elementor-spacer\">\n\t\t\t<div class=\"elementor-spacer-inner\"><\/div>\n\t\t<\/div>\n\t\t\t\t\t\t<\/div>\n\t\t\t\t<div class=\"elementor-element elementor-element-b334dde jltma-glass-effect-no elementor-widget elementor-widget-ma-pricing-table jltma-addon ma-pricing-table\" data-id=\"b334dde\" data-element_type=\"widget\" data-e-type=\"widget\" data-widget_type=\"ma-pricing-table.default\">\n\t\t\t\t\t\n\t\t<section class=\"jltma-pricing-tables default-table text-center\">\n\n\t\t\t<div class=\"jltma-price-table \">\n\n\t\t\t\t\n\t\t\t\t\t\n\t\t<div class=\"jltma-price-table-head gradient-1\">\n\t\t\t\n\t\t\t\n\t\t\t\t\t\t\t<h3 class=\"jltma-price-table-title\">\n\t\t\t\t\tFormation compl\u00e8te\t\t\t\t<\/h3>\n\t\t\t\n\t\t\t\t\t\t\t<div class=\"jltma-price-table-subheading\">\n\t\t\t\t\t1200\u20ac  en deux versements (un versement de 600\u20ac pour chaque partie)\t\t\t\t<\/div>\n\t\t\t\n\t\t\t\t\t\n\t\t<div class=\"jltma-table-price-area\">\n\n\t\t\t\t\t\t<span class=\"jltma-table-price-currency\">\n\t\t\t\t&#128;\t\t\t<\/span>\n\t\t\t\t\t<span class=\"jltma-table-price-amount\">\n\t\t\t\t1200\t\t\t<\/span>\n\t\t\t\t\t<span class=\"jltma-fraction-price\">\n\t\t\t\t.\t\t\t<\/span>\n\t\t\t\t\t<span class=\"jltma-price-amount-duration\">\n\t\t\t\tPAYABLE EN DEUX FOIS\t\t\t<\/span>\n\t\t\n\t\t<\/div><!-- \/.table-price-area -->\n\t\t\t<\/div><!-- \/.price-table-head -->\n\t\t\n\t\t\t\t\t<div class=\"jltma-price-table-details\">\n\n\t\t\t\t\t\t\t\t\t<ul>\n\t\t\t\t\t\t\t\t\t<li class=\"jltma-price-table-feature-text elementor-repeater-item-956c500\">\n\n\t\t\t\t\t\t\t\t\t\t\t\t\t<div class=\" jltma-tooltip-content\">\n\t\t\t\t\t\t\t\tCette formation comprend :\t\t\t\t\t\t\t<\/div>\n\t\t\t\t\t\t\n\t\t\t\t\t<\/li>\n\t\t\t\t\t\t\t\t\t<li class=\"jltma-price-table-feature-text elementor-repeater-item-9bfdf6a\">\n\n\t\t\t\t\t\t<i aria-hidden=\"true\" class=\"eicon-check\"><\/i>\t\t\t\t\t\t\t<div class=\" jltma-tooltip-content\">\n\t\t\t\t\t\t\t\tLa formation\t\t\t\t\t\t\t<\/div>\n\t\t\t\t\t\t\n\t\t\t\t\t<\/li>\n\t\t\t\t\t\t\t\t\t<li class=\"jltma-price-table-feature-text elementor-repeater-item-4ba07cc\">\n\n\t\t\t\t\t\t<i aria-hidden=\"true\" class=\"eicon-check\"><\/i>\t\t\t\t\t\t\t<div class=\" jltma-tooltip-content\">\n\t\t\t\t\t\t\t\tApr\u00e8s midi \u00e0 l&rsquo;h\u00f4pital dans un service ORL sp\u00e9cialis\u00e9\t\t\t\t\t\t\t<\/div>\n\t\t\t\t\t\t\n\t\t\t\t\t<\/li>\n\t\t\t\t\t\t\t\t\t<li class=\"jltma-price-table-feature-text elementor-repeater-item-de41ce2\">\n\n\t\t\t\t\t\t<i aria-hidden=\"true\" class=\"eicon-check\"><\/i>\t\t\t\t\t\t\t<div class=\" jltma-tooltip-content\">\n\t\t\t\t\t\t\t\tMise \u00e0 disposition des cours sous format num\u00e9rique\t\t\t\t\t\t\t<\/div>\n\t\t\t\t\t\t\n\t\t\t\t\t<\/li>\n\t\t\t\t\t\t\t\t\t<li class=\"jltma-price-table-feature-text elementor-repeater-item-624e227\">\n\n\t\t\t\t\t\t<i aria-hidden=\"true\" class=\"eicon-check\"><\/i>\t\t\t\t\t\t\t<div class=\" jltma-tooltip-content\">\n\t\t\t\t\t\t\t\tJourn\u00e9e pratique avec patients (\u00e0 convenir)\t\t\t\t\t\t\t<\/div>\n\t\t\t\t\t\t\n\t\t\t\t\t<\/li>\n\t\t\t\t\t\t\t\t\t<li class=\"jltma-price-table-feature-text elementor-repeater-item-208c113\">\n\n\t\t\t\t\t\t<i aria-hidden=\"true\" class=\"eicon-check\"><\/i>\t\t\t\t\t\t\t<div class=\" jltma-tooltip-content\">\n\t\t\t\t\t\t\t\tRepas du midi (partie 1 et 2 pour les journ\u00e9es compl\u00e8tes)\t\t\t\t\t\t\t<\/div>\n\t\t\t\t\t\t\n\t\t\t\t\t<\/li>\n\t\t\t\t\n\t\t\t<\/ul>\n\t\t\t\n\t\t\t\t\t\t\n\t\t\t<div class=\"jltma-price-table-footer\">\n\n\t\t\t\t\t\t\t\t<div class=\"jltma-price-table-bottom\">\n\t\t\t\t\t<a class=\"elementor-button jltma-price-table-btn gradient-1 elementor-size-md\" href=\"http:\/\/vire.ovh\/wp-content\/uploads\/2025\/10\/bulletin_inscription.pdf\" target=\"_blank\">\n\t\t\t\t\t\tJe m&#039;inscris\t\t\t\t\t<\/a>\n\t\t\t\t<\/div><!-- \/.price-table-bottom -->\n\t\t\t\n\t\t\t\t\t\t\t\t\t<div class=\"jltma-price-table-additional_info\">\n\t\t\t\t\t\t<p>\n\t\t\t\t\t\t\tCette formation est \u00e9ligible F.I.F.P.L\t\t\t\t\t\t<\/p>\n\t\t\t\t\t<\/div>\n\t\t\t\t\t\t\t<\/div>\n\n\t\t\n\t\t\t\t\t<\/div><!-- \/.price-table-details -->\n\n\t\t\t\t\t\n\t\t\t<\/div>\n\n\t\t<\/section>\n\n\n\t\t\t<div class=\"jltma-price-table-ribbon elementor-ribbon-left\">\n\t\t\t\t<div class=\"jltma-price-table-ribbon-inner\">\n\t\t\t\t\tPopular\t\t\t\t<\/div>\n\t\t\t<\/div>\n\t\t\t\t\t\t<\/div>\n\t\t\t\t\t<\/div>\n\t\t\t\t<\/div>\n\t\t\t\t<\/div>\n\t\t","protected":false},"excerpt":{"rendered":"<p>TARIFS Formation compl\u00e8te 1200\u20ac en deux versements (un versement de 600\u20ac pour chaque partie) &#8364; 1200 PAYABLE EN DEUX FOIS Cette formation comprend : La formation Apr\u00e8s midi \u00e0 l&rsquo;h\u00f4pital dans un service ORL sp\u00e9cialis\u00e9 Mise \u00e0 disposition des cours sous format num\u00e9rique Journ\u00e9e pratique avec patients (\u00e0 convenir) Repas du midi (partie 1 et [&hellip;]<\/p>\n","protected":false},"author":1,"featured_media":0,"parent":0,"menu_order":0,"comment_status":"closed","ping_status":"closed","template":"","meta":{"_eb_attr":"","footnotes":""},"class_list":["post-133","page","type-page","status-publish","hentry"],"_links":{"self":[{"href":"https:\/\/vire.ovh\/index.php\/wp-json\/wp\/v2\/pages\/133","targetHints":{"allow":["GET"]}}],"collection":[{"href":"https:\/\/vire.ovh\/index.php\/wp-json\/wp\/v2\/pages"}],"about":[{"href":"https:\/\/vire.ovh\/index.php\/wp-json\/wp\/v2\/types\/page"}],"author":[{"embeddable":true,"href":"https:\/\/vire.ovh\/index.php\/wp-json\/wp\/v2\/users\/1"}],"replies":[{"embeddable":true,"href":"https:\/\/vire.ovh\/index.php\/wp-json\/wp\/v2\/comments?post=133"}],"version-history":[{"count":43,"href":"https:\/\/vire.ovh\/index.php\/wp-json\/wp\/v2\/pages\/133\/revisions"}],"predecessor-version":[{"id":700,"href":"https:\/\/vire.ovh\/index.php\/wp-json\/wp\/v2\/pages\/133\/revisions\/700"}],"wp:attachment":[{"href":"https:\/\/vire.ovh\/index.php\/wp-json\/wp\/v2\/media?parent=133"}],"curies":[{"name":"wp","href":"https:\/\/api.w.org\/{rel}","templated":true}]}}