{"id":135,"date":"2025-10-10T07:22:23","date_gmt":"2025-10-10T07:22:23","guid":{"rendered":"https:\/\/vire.ovh\/?page_id=135"},"modified":"2025-10-16T07:28:10","modified_gmt":"2025-10-16T07:28:10","slug":"contactvire","status":"publish","type":"page","link":"https:\/\/vire.ovh\/index.php\/contactvire\/","title":{"rendered":"Contact"},"content":{"rendered":"\t\t<div data-elementor-type=\"wp-page\" data-elementor-id=\"135\" class=\"elementor elementor-135\">\n\t\t\t\t<div class=\"elementor-element elementor-element-7496167 e-flex e-con-boxed jltma-glass-effect-no e-con e-parent\" data-id=\"7496167\" data-element_type=\"container\" data-e-type=\"container\">\n\t\t\t\t\t<div class=\"e-con-inner\">\n\t\t\t\t<div class=\"elementor-element elementor-element-95a4ddd jltma-glass-effect-no elementor-widget elementor-widget-spacer\" data-id=\"95a4ddd\" data-element_type=\"widget\" data-e-type=\"widget\" data-widget_type=\"spacer.default\">\n\t\t\t\t\t\t\t<div class=\"elementor-spacer\">\n\t\t\t<div class=\"elementor-spacer-inner\"><\/div>\n\t\t<\/div>\n\t\t\t\t\t\t<\/div>\n\t\t\t\t<div class=\"elementor-element elementor-element-8b04b6c jltma-glass-effect-no elementor-widget elementor-widget-heading\" data-id=\"8b04b6c\" data-element_type=\"widget\" data-e-type=\"widget\" data-widget_type=\"heading.default\">\n\t\t\t\t\t<h2 class=\"elementor-heading-title elementor-size-default\">CONTACT<\/h2>\t\t\t\t<\/div>\n\t\t\t\t<div class=\"elementor-element elementor-element-d280ff1 jltma-glass-effect-no elementor-widget elementor-widget-spacer\" data-id=\"d280ff1\" data-element_type=\"widget\" data-e-type=\"widget\" data-widget_type=\"spacer.default\">\n\t\t\t\t\t\t\t<div class=\"elementor-spacer\">\n\t\t\t<div class=\"elementor-spacer-inner\"><\/div>\n\t\t<\/div>\n\t\t\t\t\t\t<\/div>\n\t\t\t\t<div class=\"elementor-element elementor-element-122053d jltma-glass-effect-no elementor-widget elementor-widget-text-editor\" data-id=\"122053d\" data-element_type=\"widget\" data-e-type=\"widget\" data-widget_type=\"text-editor.default\">\n\t\t\t\t\t\t\t\t\t<p>Vous souhaitez participer \u00e0 la formation V.I.R.E. Rien de plus simple, t\u00e9l\u00e9chargez le formulaire d&rsquo;inscription, remplissez les champs et renvoyez nous par mail \u00e0 l&rsquo;adresse <a href=\"mailto:vire@wanadoo.fr\">vire@wanadoo.fr<\/a><\/p>\t\t\t\t\t\t\t\t<\/div>\n\t\t\t\t\t<\/div>\n\t\t\t\t<\/div>\n\t\t<div class=\"elementor-element elementor-element-5621d29 e-flex e-con-boxed jltma-glass-effect-no e-con e-parent\" data-id=\"5621d29\" data-element_type=\"container\" data-e-type=\"container\" data-settings=\"{&quot;background_background&quot;:&quot;classic&quot;}\">\n\t\t\t\t\t<div class=\"e-con-inner\">\n\t\t\t\t<div class=\"elementor-element elementor-element-e1a2bba elementor-view-stacked elementor-widget__width-initial elementor-shape-circle elementor-position-block-start elementor-mobile-position-block-start jltma-glass-effect-no elementor-widget elementor-widget-icon-box\" data-id=\"e1a2bba\" data-element_type=\"widget\" data-e-type=\"widget\" data-widget_type=\"icon-box.default\">\n\t\t\t\t\t\t\t<div class=\"elementor-icon-box-wrapper\">\n\n\t\t\t\t\t\t<div class=\"elementor-icon-box-icon\">\n\t\t\t\t<span  class=\"elementor-icon\">\n\t\t\t\t<i aria-hidden=\"true\" class=\"lnr lnr-phone\"><\/i>\t\t\t\t<\/span>\n\t\t\t<\/div>\n\t\t\t\n\t\t\t\t\t\t<div class=\"elementor-icon-box-content\">\n\n\t\t\t\t\t\t\t\t\t<h3 class=\"elementor-icon-box-title\">\n\t\t\t\t\t\t<span  >\n\t\t\t\t\t\t\tCONTACTEZ NOUS\t\t\t\t\t\t<\/span>\n\t\t\t\t\t<\/h3>\n\t\t\t\t\n\t\t\t\t\t\t\t\t\t<p class=\"elementor-icon-box-description\">\n\t\t\t\t\t\t06.60.93.11.50\t\t\t\t\t<\/p>\n\t\t\t\t\n\t\t\t<\/div>\n\t\t\t\n\t\t<\/div>\n\t\t\t\t\t\t<\/div>\n\t\t\t\t<div class=\"elementor-element elementor-element-898c352 elementor-view-stacked elementor-widget__width-initial elementor-shape-circle elementor-position-block-start elementor-mobile-position-block-start jltma-glass-effect-no elementor-widget elementor-widget-icon-box\" data-id=\"898c352\" data-element_type=\"widget\" data-e-type=\"widget\" data-widget_type=\"icon-box.default\">\n\t\t\t\t\t\t\t<div class=\"elementor-icon-box-wrapper\">\n\n\t\t\t\t\t\t<div class=\"elementor-icon-box-icon\">\n\t\t\t\t<a href=\"mailto:vire@wanadoo.fr\" target=\"_blank\" class=\"elementor-icon\" tabindex=\"-1\" aria-label=\"CONTACTEZ NOUS\">\n\t\t\t\t<i aria-hidden=\"true\" class=\"jltma-material-icon jltma-material-icon-email\"><\/i>\t\t\t\t<\/a>\n\t\t\t<\/div>\n\t\t\t\n\t\t\t\t\t\t<div class=\"elementor-icon-box-content\">\n\n\t\t\t\t\t\t\t\t\t<h3 class=\"elementor-icon-box-title\">\n\t\t\t\t\t\t<a href=\"mailto:vire@wanadoo.fr\" target=\"_blank\" >\n\t\t\t\t\t\t\tCONTACTEZ NOUS\t\t\t\t\t\t<\/a>\n\t\t\t\t\t<\/h3>\n\t\t\t\t\n\t\t\t\t\t\t\t\t\t<p class=\"elementor-icon-box-description\">\n\t\t\t\t\t\tvire@wanadoo.fr\t\t\t\t\t<\/p>\n\t\t\t\t\n\t\t\t<\/div>\n\t\t\t\n\t\t<\/div>\n\t\t\t\t\t\t<\/div>\n\t\t\t\t\t<\/div>\n\t\t\t\t<\/div>\n\t\t<div class=\"elementor-element elementor-element-8531696 e-con-full e-flex jltma-glass-effect-no e-con e-parent\" data-id=\"8531696\" data-element_type=\"container\" data-e-type=\"container\" data-settings=\"{&quot;background_background&quot;:&quot;classic&quot;}\">\n\t\t\t\t<\/div>\n\t\t\t\t<\/div>\n\t\t","protected":false},"excerpt":{"rendered":"<p>CONTACT Vous souhaitez participer \u00e0 la formation V.I.R.E. Rien de plus simple, t\u00e9l\u00e9chargez le formulaire d&rsquo;inscription, remplissez les champs et renvoyez nous par mail \u00e0 l&rsquo;adresse vire@wanadoo.fr CONTACTEZ NOUS 06.60.93.11.50 CONTACTEZ NOUS vire@wanadoo.fr<\/p>\n","protected":false},"author":1,"featured_media":0,"parent":0,"menu_order":0,"comment_status":"closed","ping_status":"closed","template":"","meta":{"_eb_attr":"","footnotes":""},"class_list":["post-135","page","type-page","status-publish","hentry"],"_links":{"self":[{"href":"https:\/\/vire.ovh\/index.php\/wp-json\/wp\/v2\/pages\/135","targetHints":{"allow":["GET"]}}],"collection":[{"href":"https:\/\/vire.ovh\/index.php\/wp-json\/wp\/v2\/pages"}],"about":[{"href":"https:\/\/vire.ovh\/index.php\/wp-json\/wp\/v2\/types\/page"}],"author":[{"embeddable":true,"href":"https:\/\/vire.ovh\/index.php\/wp-json\/wp\/v2\/users\/1"}],"replies":[{"embeddable":true,"href":"https:\/\/vire.ovh\/index.php\/wp-json\/wp\/v2\/comments?post=135"}],"version-history":[{"count":31,"href":"https:\/\/vire.ovh\/index.php\/wp-json\/wp\/v2\/pages\/135\/revisions"}],"predecessor-version":[{"id":706,"href":"https:\/\/vire.ovh\/index.php\/wp-json\/wp\/v2\/pages\/135\/revisions\/706"}],"wp:attachment":[{"href":"https:\/\/vire.ovh\/index.php\/wp-json\/wp\/v2\/media?parent=135"}],"curies":[{"name":"wp","href":"https:\/\/api.w.org\/{rel}","templated":true}]}}