{"id":214,"date":"2025-10-10T08:53:24","date_gmt":"2025-10-10T08:53:24","guid":{"rendered":"https:\/\/vire.ovh\/?page_id=214"},"modified":"2025-10-20T12:53:17","modified_gmt":"2025-10-20T12:53:17","slug":"formulaire-inscription","status":"publish","type":"page","link":"https:\/\/vire.ovh\/index.php\/formulaire-inscription\/","title":{"rendered":"Formulaire inscritpion"},"content":{"rendered":"\t\t<div data-elementor-type=\"wp-page\" data-elementor-id=\"214\" class=\"elementor elementor-214\">\n\t\t\t\t<div class=\"elementor-element elementor-element-e192ce3 e-flex e-con-boxed jltma-glass-effect-no e-con e-parent\" data-id=\"e192ce3\" data-element_type=\"container\" data-e-type=\"container\">\n\t\t\t\t\t<div class=\"e-con-inner\">\n\t\t\t\t<div class=\"elementor-element elementor-element-ee8da6a jltma-glass-effect-no elementor-widget elementor-widget-spacer\" data-id=\"ee8da6a\" data-element_type=\"widget\" data-e-type=\"widget\" data-widget_type=\"spacer.default\">\n\t\t\t\t\t\t\t<div class=\"elementor-spacer\">\n\t\t\t<div class=\"elementor-spacer-inner\"><\/div>\n\t\t<\/div>\n\t\t\t\t\t\t<\/div>\n\t\t\t\t<div class=\"elementor-element elementor-element-da0d592 jltma-glass-effect-no elementor-widget elementor-widget-heading\" data-id=\"da0d592\" data-element_type=\"widget\" data-e-type=\"widget\" data-widget_type=\"heading.default\">\n\t\t\t\t\t<h2 class=\"elementor-heading-title elementor-size-default\">apprenez avec les meilleurs<\/h2>\t\t\t\t<\/div>\n\t\t\t\t<div class=\"elementor-element elementor-element-1f45f7a jltma-glass-effect-no elementor-widget elementor-widget-text-editor\" data-id=\"1f45f7a\" data-element_type=\"widget\" data-e-type=\"widget\" data-widget_type=\"text-editor.default\">\n\t\t\t\t\t\t\t\t\t<p data-start=\"187\" data-end=\"538\">Vous souhaitez\u00a0<strong data-start=\"202\" data-end=\"269\">apprendre les meilleures techniques de r\u00e9\u00e9ducation vestibulaire<\/strong>, directement aupr\u00e8s d\u2019experts reconnus dans le domaine ?\u00a0<\/p><p data-start=\"187\" data-end=\"538\">Rejoignez les formations\u00a0<strong data-start=\"352\" data-end=\"363\">V.I.R.E<\/strong>, un organisme d\u00e9di\u00e9 \u00e0 la transmission des savoirs et des pratiques les plus avanc\u00e9es dans la prise en charge des vertiges, instabilit\u00e9s et troubles de l\u2019\u00e9quilibre.<\/p><p data-start=\"540\" data-end=\"994\">Depuis plus de vingt ans, nos formateurs \u2014 kin\u00e9sith\u00e9rapeutes, chercheurs et sp\u00e9cialistes du vestibulaire \u2014 partagent leur exp\u00e9rience et leur expertise pour vous permettre de progresser dans votre pratique quotidienne. Les sessions sont construites autour d\u2019un \u00e9quilibre entre\u00a0<strong data-start=\"816\" data-end=\"885\">apports th\u00e9oriques, \u00e9tudes de cas cliniques et ateliers pratiques<\/strong>, afin de garantir une approche globale et une mise en application concr\u00e8te des techniques enseign\u00e9es.<\/p><p data-start=\"996\" data-end=\"1399\">Int\u00e9grer une formation V.I.R.E, c\u2019est rejoindre une communaut\u00e9 de professionnels passionn\u00e9s, d\u00e9sireux d\u2019offrir \u00e0 leurs stagiaires les solutions les plus efficaces issues des derni\u00e8res avanc\u00e9es en neurosciences et en r\u00e9\u00e9ducation.<br data-start=\"1222\" data-end=\"1225\" \/>Que vous soyez d\u00e9butant dans le domaine vestibulaire ou d\u00e9j\u00e0 exp\u00e9riment\u00e9, nos programmes s\u2019adaptent \u00e0 votre niveau et \u00e0 vos besoins pour vous accompagner vers l\u2019excellence.<\/p><p data-start=\"996\" data-end=\"1399\">Pour plus de renseignement visitez notre site ou renvoyez nous directement le formulaire d\u2019inscription par mail \u00e0 l\u2019adresse\u00a0<a href=\"mailto:vire@wanadoo.fr\">vire@wanadoo.fr<\/a><\/p>\t\t\t\t\t\t\t\t<\/div>\n\t\t\t\t\t<\/div>\n\t\t\t\t<\/div>\n\t\t<div class=\"elementor-element elementor-element-6f0281c e-flex e-con-boxed jltma-glass-effect-no e-con e-parent\" data-id=\"6f0281c\" data-element_type=\"container\" data-e-type=\"container\" data-settings=\"{&quot;background_background&quot;:&quot;classic&quot;}\">\n\t\t\t\t\t<div class=\"e-con-inner\">\n\t\t\t\t<div class=\"elementor-element elementor-element-de78e48 jltma-glass-effect-no elementor-widget elementor-widget-spacer\" data-id=\"de78e48\" data-element_type=\"widget\" data-e-type=\"widget\" data-widget_type=\"spacer.default\">\n\t\t\t\t\t\t\t<div class=\"elementor-spacer\">\n\t\t\t<div class=\"elementor-spacer-inner\"><\/div>\n\t\t<\/div>\n\t\t\t\t\t\t<\/div>\n\t\t\t\t<div class=\"elementor-element elementor-element-007edc2 jltma-glass-effect-no elementor-widget elementor-widget-heading\" data-id=\"007edc2\" data-element_type=\"widget\" data-e-type=\"widget\" data-widget_type=\"heading.default\">\n\t\t\t\t\t<h2 class=\"elementor-heading-title elementor-size-default\">Telechargez le formulaire d'inscription<\/h2>\t\t\t\t<\/div>\n\t\t\t\t<div class=\"elementor-element elementor-element-ab8543b elementor-widget__width-initial jltma-glass-effect-no elementor-widget elementor-widget-image\" data-id=\"ab8543b\" data-element_type=\"widget\" data-e-type=\"widget\" data-widget_type=\"image.default\">\n\t\t\t\t\t\t\t\t\t\t\t\t\t\t\t<img decoding=\"async\" width=\"114\" height=\"69\" src=\"https:\/\/vire.ovh\/wp-content\/uploads\/2025\/10\/logo.png\" class=\"attachment-2048x2048 size-2048x2048 wp-image-654\" alt=\"inscription\" \/>\t\t\t\t\t\t\t\t\t\t\t\t\t\t\t<\/div>\n\t\t\t\t<div class=\"elementor-element elementor-element-783d340 jltma-glass-effect-no elementor-widget elementor-widget-button\" data-id=\"783d340\" data-element_type=\"widget\" data-e-type=\"widget\" data-widget_type=\"button.default\">\n\t\t\t\t\t\t\t\t\t\t<a class=\"elementor-button elementor-button-link elementor-size-sm elementor-animation-shrink\" href=\"http:\/\/vire.ovh\/wp-content\/uploads\/2025\/10\/bulletin_inscription.pdf\" target=\"_blank\">\n\t\t\t\t\t\t<span class=\"elementor-button-content-wrapper\">\n\t\t\t\t\t\t\t\t\t<span class=\"elementor-button-text\">Formulaire<\/span>\n\t\t\t\t\t<\/span>\n\t\t\t\t\t<\/a>\n\t\t\t\t\t\t\t\t<\/div>\n\t\t\t\t<div class=\"elementor-element elementor-element-857f74c jltma-glass-effect-no elementor-widget elementor-widget-text-editor\" data-id=\"857f74c\" data-element_type=\"widget\" data-e-type=\"widget\" data-widget_type=\"text-editor.default\">\n\t\t\t\t\t\t\t\t\t<p><strong>Renvoyez nous directement le formulaire d\u2019inscription par mail \u00e0 l\u2019adresse <a href=\"mailto:vire@wanadoo.fr\">vire@wanadoo.fr<\/a><\/strong><\/p>\t\t\t\t\t\t\t\t<\/div>\n\t\t\t\t\t<\/div>\n\t\t\t\t<\/div>\n\t\t<div class=\"elementor-element elementor-element-92f657e e-flex e-con-boxed jltma-glass-effect-no e-con e-parent\" data-id=\"92f657e\" data-element_type=\"container\" data-e-type=\"container\" data-settings=\"{&quot;background_background&quot;:&quot;classic&quot;}\">\n\t\t\t\t\t<div class=\"e-con-inner\">\n\t\t\t\t<div class=\"elementor-element elementor-element-fc408a5 jltma-glass-effect-no elementor-widget elementor-widget-spacer\" data-id=\"fc408a5\" data-element_type=\"widget\" data-e-type=\"widget\" data-widget_type=\"spacer.default\">\n\t\t\t\t\t\t\t<div class=\"elementor-spacer\">\n\t\t\t<div class=\"elementor-spacer-inner\"><\/div>\n\t\t<\/div>\n\t\t\t\t\t\t<\/div>\n\t\t\t\t\t<\/div>\n\t\t\t\t<\/div>\n\t\t\t\t<\/div>\n\t\t","protected":false},"excerpt":{"rendered":"<p>apprenez avec les meilleurs Vous souhaitez\u00a0apprendre les meilleures techniques de r\u00e9\u00e9ducation vestibulaire, directement aupr\u00e8s d\u2019experts reconnus dans le domaine ?\u00a0 Rejoignez les formations\u00a0V.I.R.E, un organisme d\u00e9di\u00e9 \u00e0 la transmission des savoirs et des pratiques les plus avanc\u00e9es dans la prise en charge des vertiges, instabilit\u00e9s et troubles de l\u2019\u00e9quilibre. Depuis plus de vingt ans, nos [&hellip;]<\/p>\n","protected":false},"author":1,"featured_media":0,"parent":0,"menu_order":0,"comment_status":"closed","ping_status":"closed","template":"","meta":{"_eb_attr":"","footnotes":""},"class_list":["post-214","page","type-page","status-publish","hentry"],"_links":{"self":[{"href":"https:\/\/vire.ovh\/index.php\/wp-json\/wp\/v2\/pages\/214","targetHints":{"allow":["GET"]}}],"collection":[{"href":"https:\/\/vire.ovh\/index.php\/wp-json\/wp\/v2\/pages"}],"about":[{"href":"https:\/\/vire.ovh\/index.php\/wp-json\/wp\/v2\/types\/page"}],"author":[{"embeddable":true,"href":"https:\/\/vire.ovh\/index.php\/wp-json\/wp\/v2\/users\/1"}],"replies":[{"embeddable":true,"href":"https:\/\/vire.ovh\/index.php\/wp-json\/wp\/v2\/comments?post=214"}],"version-history":[{"count":37,"href":"https:\/\/vire.ovh\/index.php\/wp-json\/wp\/v2\/pages\/214\/revisions"}],"predecessor-version":[{"id":715,"href":"https:\/\/vire.ovh\/index.php\/wp-json\/wp\/v2\/pages\/214\/revisions\/715"}],"wp:attachment":[{"href":"https:\/\/vire.ovh\/index.php\/wp-json\/wp\/v2\/media?parent=214"}],"curies":[{"name":"wp","href":"https:\/\/api.w.org\/{rel}","templated":true}]}}