{"id":3,"date":"2025-09-24T15:11:45","date_gmt":"2025-09-24T15:11:45","guid":{"rendered":"http:\/\/vire.ovh\/?page_id=3"},"modified":"2025-10-21T15:52:41","modified_gmt":"2025-10-21T15:52:41","slug":"privacy-policy","status":"publish","type":"page","link":"https:\/\/vire.ovh\/index.php\/privacy-policy\/","title":{"rendered":"Privacy Policy"},"content":{"rendered":"\t\t<div data-elementor-type=\"wp-page\" data-elementor-id=\"3\" class=\"elementor elementor-3\">\n\t\t\t\t<div class=\"elementor-element elementor-element-2405ca3 e-flex e-con-boxed jltma-glass-effect-no e-con e-parent\" data-id=\"2405ca3\" data-element_type=\"container\" data-e-type=\"container\">\n\t\t\t\t\t<div class=\"e-con-inner\">\n\t\t\t\t<div class=\"elementor-element elementor-element-dea53ec jltma-glass-effect-no elementor-widget elementor-widget-spacer\" data-id=\"dea53ec\" data-element_type=\"widget\" data-e-type=\"widget\" data-widget_type=\"spacer.default\">\n\t\t\t\t\t\t\t<div class=\"elementor-spacer\">\n\t\t\t<div class=\"elementor-spacer-inner\"><\/div>\n\t\t<\/div>\n\t\t\t\t\t\t<\/div>\n\t\t\t\t\t<\/div>\n\t\t\t\t<\/div>\n\t\t<div class=\"elementor-element elementor-element-da96c94 e-flex e-con-boxed jltma-glass-effect-no e-con e-parent\" data-id=\"da96c94\" data-element_type=\"container\" data-e-type=\"container\">\n\t\t\t\t\t<div class=\"e-con-inner\">\n\t\t\t\t<div class=\"elementor-element elementor-element-a454e0b jltma-glass-effect-no elementor-widget elementor-widget-heading\" data-id=\"a454e0b\" data-element_type=\"widget\" data-e-type=\"widget\" data-widget_type=\"heading.default\">\n\t\t\t\t\t<h2 class=\"elementor-heading-title elementor-size-default\">POLITIQUE DE CONFIDENTIALITE<\/h2>\t\t\t\t<\/div>\n\t\t\t\t<div class=\"elementor-element elementor-element-7f1c8e4 jltma-glass-effect-no elementor-widget elementor-widget-spacer\" data-id=\"7f1c8e4\" data-element_type=\"widget\" data-e-type=\"widget\" data-widget_type=\"spacer.default\">\n\t\t\t\t\t\t\t<div class=\"elementor-spacer\">\n\t\t\t<div class=\"elementor-spacer-inner\"><\/div>\n\t\t<\/div>\n\t\t\t\t\t\t<\/div>\n\t\t\t\t\t<\/div>\n\t\t\t\t<\/div>\n\t\t<div class=\"elementor-element elementor-element-6b523ebd e-flex e-con-boxed jltma-glass-effect-no e-con e-parent\" data-id=\"6b523ebd\" data-element_type=\"container\" data-e-type=\"container\">\n\t\t\t\t\t<div class=\"e-con-inner\">\n\t\t\t\t<div class=\"elementor-element elementor-element-599f0406 jltma-glass-effect-no elementor-widget elementor-widget-text-editor\" data-id=\"599f0406\" data-element_type=\"widget\" data-e-type=\"widget\" data-widget_type=\"text-editor.default\">\n\t\t\t\t\t\t\t\t\t\n<h2 class=\"wp-block-heading\"><\/h2>\n<h2 class=\"wp-block-heading\"><span dir=\"auto\" style=\"vertical-align: inherit;\">Qui sommes-nous<\/span><\/h2>\n<h2 class=\"wp-block-heading\"><\/h2>\n<p><strong class=\"privacy-policy-tutorial\"><span dir=\"auto\" style=\"vertical-align: inherit;\">Texte sugg\u00e9r\u00e9 :<\/span><\/strong><span dir=\"auto\" style=\"vertical-align: inherit;\"> L&rsquo;adresse de notre site Web est : http:\/\/vire.ovh.<\/span><\/p>\n<h2 class=\"wp-block-heading\"><\/h2>\n<h2 class=\"wp-block-heading\"><span dir=\"auto\" style=\"vertical-align: inherit;\">Commentaires<\/span><\/h2>\n<h2 class=\"wp-block-heading\"><\/h2>\n<p><strong class=\"privacy-policy-tutorial\"><span dir=\"auto\" style=\"vertical-align: inherit;\">Texte sugg\u00e9r\u00e9 :<\/span><\/strong><span dir=\"auto\" style=\"vertical-align: inherit;\"> Lorsque les visiteurs laissent des commentaires sur le site, nous collectons les donn\u00e9es affich\u00e9es dans le formulaire de commentaires, ainsi que l&rsquo;adresse IP du visiteur et la cha\u00eene de l&rsquo;agent utilisateur du navigateur pour aider \u00e0 la d\u00e9tection du spam.<\/span><\/p>\n<h2 class=\"wp-block-heading\"><\/h2>\n<p><span dir=\"auto\" style=\"vertical-align: inherit;\">Une cha\u00eene anonymis\u00e9e cr\u00e9\u00e9e \u00e0 partir de votre adresse e-mail (\u00e9galement appel\u00e9e hachage) peut \u00eatre transmise au service Gravatar pour v\u00e9rifier si vous l&rsquo;utilisez. La politique de confidentialit\u00e9 du service Gravatar est disponible ici\u00a0: https:\/\/automattic.com\/privacy\/. Apr\u00e8s validation de votre commentaire, votre photo de profil sera visible publiquement \u00e0 c\u00f4t\u00e9 de votre commentaire.<\/span><\/p>\n<h2 class=\"wp-block-heading\"><\/h2>\n<h2 class=\"wp-block-heading\"><span dir=\"auto\" style=\"vertical-align: inherit;\">M\u00e9dias<\/span><\/h2>\n<h2 class=\"wp-block-heading\"><\/h2>\n<p><strong class=\"privacy-policy-tutorial\"><span dir=\"auto\" style=\"vertical-align: inherit;\">Texte sugg\u00e9r\u00e9\u00a0:<\/span><\/strong><span dir=\"auto\" style=\"vertical-align: inherit;\"> Si vous t\u00e9l\u00e9chargez des images sur le site web, \u00e9vitez celles contenant des donn\u00e9es de localisation EXIF \u200b\u200b(GPS). Les visiteurs du site web peuvent t\u00e9l\u00e9charger et extraire ces donn\u00e9es de localisation.<\/span><\/p>\n<h2 class=\"wp-block-heading\"><\/h2>\n<h2 class=\"wp-block-heading\"><span dir=\"auto\" style=\"vertical-align: inherit;\"><span dir=\"auto\" style=\"vertical-align: inherit;\"><span dir=\"auto\" style=\"vertical-align: inherit;\">Cookies<\/span><\/span><\/span><\/h2>\n<h2 class=\"wp-block-heading\"><\/h2>\n<p><strong class=\"privacy-policy-tutorial\"><span dir=\"auto\" style=\"vertical-align: inherit;\">Texte sugg\u00e9r\u00e9\u00a0:<\/span><\/strong><span dir=\"auto\" style=\"vertical-align: inherit;\"> Si vous laissez un commentaire sur notre site, vous pouvez choisir d&rsquo;enregistrer votre nom, votre adresse e-mail et votre site web dans des cookies. Ces cookies sont uniquement destin\u00e9s \u00e0 vous faciliter la t\u00e2che et vous \u00e9viteront de les saisir \u00e0 nouveau lorsque vous laisserez un autre commentaire. Ces cookies auront une dur\u00e9e de vie d&rsquo;un an.<\/span><\/p>\n<h2 class=\"wp-block-heading\"><\/h2>\n<p><span dir=\"auto\" style=\"vertical-align: inherit;\">Si vous visitez notre page de connexion, nous installerons un cookie temporaire afin de d\u00e9terminer si votre navigateur accepte les cookies. Ce cookie ne contient aucune donn\u00e9e personnelle et sera supprim\u00e9 \u00e0 la fermeture de votre navigateur.<\/span><\/p>\n<h2 class=\"wp-block-heading\"><\/h2>\n<p><span dir=\"auto\" style=\"vertical-align: inherit;\">Lorsque vous vous connectez, nous utilisons \u00e9galement plusieurs cookies pour enregistrer vos informations de connexion et vos pr\u00e9f\u00e9rences d&rsquo;affichage. La dur\u00e9e de vie des cookies de connexion est de deux jours et celle des cookies d&rsquo;options d&rsquo;affichage est d&rsquo;un an. Si vous cochez \u00ab\u00a0Se souvenir de moi\u00a0\u00bb, votre connexion sera conserv\u00e9e pendant deux semaines. Si vous vous d\u00e9connectez de votre compte, les cookies de connexion seront supprim\u00e9s.<\/span><\/p>\n<h2 class=\"wp-block-heading\"><\/h2>\n<p><span dir=\"auto\" style=\"vertical-align: inherit;\">Si vous modifiez ou publiez un article, un cookie suppl\u00e9mentaire sera enregistr\u00e9 dans votre navigateur. Ce cookie ne contient aucune donn\u00e9e personnelle et indique simplement l&rsquo;identifiant de l&rsquo;article que vous venez de modifier. Il expire au bout d&rsquo;un jour.<\/span><\/p>\n<h2 class=\"wp-block-heading\"><\/h2>\n<h2 class=\"wp-block-heading\"><span dir=\"auto\" style=\"vertical-align: inherit;\">Contenu int\u00e9gr\u00e9 provenant d&rsquo;autres sites Web<\/span><\/h2>\n<h2 class=\"wp-block-heading\"><\/h2>\n<p><strong class=\"privacy-policy-tutorial\"><span dir=\"auto\" style=\"vertical-align: inherit;\">Texte sugg\u00e9r\u00e9\u00a0:<\/span><\/strong><span dir=\"auto\" style=\"vertical-align: inherit;\"> Les articles de ce site peuvent inclure du contenu int\u00e9gr\u00e9 (par exemple, des vid\u00e9os, des images, des articles, etc.). Le contenu int\u00e9gr\u00e9 provenant d&rsquo;autres sites web se comporte exactement de la m\u00eame mani\u00e8re que si le visiteur avait visit\u00e9 cet autre site web.<\/span><\/p>\n<h2 class=\"wp-block-heading\"><\/h2>\n<p><span dir=\"auto\" style=\"vertical-align: inherit;\">Ces sites Web peuvent collecter des donn\u00e9es vous concernant, utiliser des cookies, int\u00e9grer un suivi tiers suppl\u00e9mentaire et surveiller votre interaction avec ce contenu int\u00e9gr\u00e9, y compris le suivi de votre interaction avec le contenu int\u00e9gr\u00e9 si vous avez un compte et \u00eates connect\u00e9 \u00e0 ce site Web.<\/span><\/p>\n<h2 class=\"wp-block-heading\"><\/h2>\n<h2 class=\"wp-block-heading\"><span dir=\"auto\" style=\"vertical-align: inherit;\">Avec qui partageons-nous vos donn\u00e9es<\/span><\/h2>\n<h2 class=\"wp-block-heading\"><\/h2>\n<p><strong class=\"privacy-policy-tutorial\"><span dir=\"auto\" style=\"vertical-align: inherit;\">Texte sugg\u00e9r\u00e9\u00a0:<\/span><\/strong><span dir=\"auto\" style=\"vertical-align: inherit;\"> Si vous demandez une r\u00e9initialisation de mot de passe, votre adresse IP sera incluse dans l&rsquo;e-mail de r\u00e9initialisation.<\/span><\/p>\n<h2 class=\"wp-block-heading\"><\/h2>\n<h2 class=\"wp-block-heading\"><span dir=\"auto\" style=\"vertical-align: inherit;\">Combien de temps conservons-nous vos donn\u00e9es<\/span><\/h2>\n<h2 class=\"wp-block-heading\"><\/h2>\n<p><strong class=\"privacy-policy-tutorial\"><span dir=\"auto\" style=\"vertical-align: inherit;\">Texte sugg\u00e9r\u00e9\u00a0:<\/span><\/strong><span dir=\"auto\" style=\"vertical-align: inherit;\"> Si vous laissez un commentaire, celui-ci et ses m\u00e9tadonn\u00e9es sont conserv\u00e9s ind\u00e9finiment. Cela nous permet de reconna\u00eetre et d&rsquo;approuver automatiquement les commentaires suivants, au lieu de les laisser en attente de mod\u00e9ration.<\/span><\/p>\n<h2 class=\"wp-block-heading\"><\/h2>\n<p><span dir=\"auto\" style=\"vertical-align: inherit;\">Pour les utilisateurs qui s&rsquo;inscrivent sur notre site web (le cas \u00e9ch\u00e9ant), nous stockons \u00e9galement les informations personnelles qu&rsquo;ils fournissent dans leur profil. Tous les utilisateurs peuvent consulter, modifier ou supprimer leurs informations personnelles \u00e0 tout moment (\u00e0 l&rsquo;exception de leur nom d&rsquo;utilisateur). Les administrateurs du site web peuvent \u00e9galement consulter et modifier ces informations.<\/span><\/p>\n<h2 class=\"wp-block-heading\"><\/h2>\n<h2 class=\"wp-block-heading\"><span dir=\"auto\" style=\"vertical-align: inherit;\">Quels droits avez-vous sur vos donn\u00e9es<\/span><\/h2>\n<h2 class=\"wp-block-heading\"><\/h2>\n<p><strong class=\"privacy-policy-tutorial\"><span dir=\"auto\" style=\"vertical-align: inherit;\">Texte sugg\u00e9r\u00e9\u00a0:<\/span><\/strong><span dir=\"auto\" style=\"vertical-align: inherit;\"> Si vous avez un compte sur ce site ou si vous avez laiss\u00e9 des commentaires, vous pouvez demander \u00e0 recevoir un fichier contenant toutes les donn\u00e9es personnelles que nous d\u00e9tenons \u00e0 votre sujet, y compris celles que vous nous avez fournies. Vous pouvez \u00e9galement demander la suppression de toutes les donn\u00e9es personnelles vous concernant. Cela n&rsquo;inclut pas les donn\u00e9es que nous sommes tenus de conserver \u00e0 des fins administratives, l\u00e9gales ou de s\u00e9curit\u00e9.<\/span><\/p>\n<h2 class=\"wp-block-heading\"><\/h2>\n<h2 class=\"wp-block-heading\"><span dir=\"auto\" style=\"vertical-align: inherit;\">O\u00f9 vos donn\u00e9es sont envoy\u00e9es<\/span><\/h2>\n<h2 class=\"wp-block-heading\"><\/h2>\n<p><strong class=\"privacy-policy-tutorial\"><span dir=\"auto\" style=\"vertical-align: inherit;\">Texte sugg\u00e9r\u00e9 :<\/span><\/strong><span dir=\"auto\" style=\"vertical-align: inherit;\"> Les commentaires des visiteurs peuvent \u00eatre v\u00e9rifi\u00e9s via un service automatis\u00e9 de d\u00e9tection de spam.<\/span><\/p>\n<h2 class=\"wp-block-heading\"><\/h2>\n<p>\u00a0<\/p>\t\t\t\t\t\t\t\t<\/div>\n\t\t\t\t\t<\/div>\n\t\t\t\t<\/div>\n\t\t\t\t<\/div>\n\t\t","protected":false},"excerpt":{"rendered":"<p>POLITIQUE DE CONFIDENTIALITE Qui sommes-nous Texte sugg\u00e9r\u00e9 : L&rsquo;adresse de notre site Web est : http:\/\/vire.ovh. Commentaires Texte sugg\u00e9r\u00e9 : Lorsque les visiteurs laissent des commentaires sur le site, nous collectons les donn\u00e9es affich\u00e9es dans le formulaire de commentaires, ainsi que l&rsquo;adresse IP du visiteur et la cha\u00eene de l&rsquo;agent utilisateur du navigateur pour aider [&hellip;]<\/p>\n","protected":false},"author":1,"featured_media":0,"parent":0,"menu_order":0,"comment_status":"closed","ping_status":"open","template":"","meta":{"_eb_attr":"","footnotes":""},"class_list":["post-3","page","type-page","status-publish","hentry"],"_links":{"self":[{"href":"https:\/\/vire.ovh\/index.php\/wp-json\/wp\/v2\/pages\/3","targetHints":{"allow":["GET"]}}],"collection":[{"href":"https:\/\/vire.ovh\/index.php\/wp-json\/wp\/v2\/pages"}],"about":[{"href":"https:\/\/vire.ovh\/index.php\/wp-json\/wp\/v2\/types\/page"}],"author":[{"embeddable":true,"href":"https:\/\/vire.ovh\/index.php\/wp-json\/wp\/v2\/users\/1"}],"replies":[{"embeddable":true,"href":"https:\/\/vire.ovh\/index.php\/wp-json\/wp\/v2\/comments?post=3"}],"version-history":[{"count":10,"href":"https:\/\/vire.ovh\/index.php\/wp-json\/wp\/v2\/pages\/3\/revisions"}],"predecessor-version":[{"id":724,"href":"https:\/\/vire.ovh\/index.php\/wp-json\/wp\/v2\/pages\/3\/revisions\/724"}],"wp:attachment":[{"href":"https:\/\/vire.ovh\/index.php\/wp-json\/wp\/v2\/media?parent=3"}],"curies":[{"name":"wp","href":"https:\/\/api.w.org\/{rel}","templated":true}]}}