{"id":326,"date":"2025-10-10T12:57:35","date_gmt":"2025-10-10T12:57:35","guid":{"rendered":"https:\/\/vire.ovh\/?page_id=326"},"modified":"2025-10-22T15:36:41","modified_gmt":"2025-10-22T15:36:41","slug":"a-propos-de-nous","status":"publish","type":"page","link":"https:\/\/vire.ovh\/index.php\/a-propos-de-nous\/","title":{"rendered":"\u00c0 PROPOS DE NOUS"},"content":{"rendered":"\t\t<div data-elementor-type=\"wp-page\" data-elementor-id=\"326\" class=\"elementor elementor-326\">\n\t\t\t\t<div class=\"elementor-element elementor-element-9cace74 e-flex e-con-boxed jltma-glass-effect-no e-con e-parent\" data-id=\"9cace74\" data-element_type=\"container\" data-e-type=\"container\">\n\t\t\t\t\t<div class=\"e-con-inner\">\n\t\t\t\t<div class=\"elementor-element elementor-element-b364a2d jltma-glass-effect-no elementor-widget elementor-widget-spacer\" data-id=\"b364a2d\" data-element_type=\"widget\" data-e-type=\"widget\" data-widget_type=\"spacer.default\">\n\t\t\t\t\t\t\t<div class=\"elementor-spacer\">\n\t\t\t<div class=\"elementor-spacer-inner\"><\/div>\n\t\t<\/div>\n\t\t\t\t\t\t<\/div>\n\t\t\t\t<div class=\"elementor-element elementor-element-302a2a2 jltma-glass-effect-no elementor-widget elementor-widget-heading\" data-id=\"302a2a2\" data-element_type=\"widget\" data-e-type=\"widget\" data-widget_type=\"heading.default\">\n\t\t\t\t\t<h2 class=\"elementor-heading-title elementor-size-default\">\u00c0 PROPOS DE NOUS <\/h2>\t\t\t\t<\/div>\n\t\t\t\t\t<\/div>\n\t\t\t\t<\/div>\n\t\t<div class=\"elementor-element elementor-element-422ea7a e-flex e-con-boxed jltma-glass-effect-no e-con e-parent\" data-id=\"422ea7a\" data-element_type=\"container\" data-e-type=\"container\" data-settings=\"{&quot;background_background&quot;:&quot;classic&quot;}\">\n\t\t\t\t\t<div class=\"e-con-inner\">\n\t\t\t\t<div class=\"elementor-element elementor-element-3100f13 jltma-glass-effect-no elementor-widget elementor-widget-text-editor\" data-id=\"3100f13\" data-element_type=\"widget\" data-e-type=\"widget\" data-widget_type=\"text-editor.default\">\n\t\t\t\t\t\t\t\t\t<h5 data-start=\"168\" data-end=\"230\">Une r\u00e9f\u00e9rence dans la formation vestibulaire depuis 2004<\/h5><p data-start=\"231\" data-end=\"567\">Cr\u00e9\u00e9 en 2004 \u00e0 Cannes, <strong data-start=\"254\" data-end=\"265\">V.I.R.E<\/strong> est un organisme de formation sp\u00e9cialis\u00e9 dans la prise en charge des vertiges, des instabilit\u00e9s et des troubles de l\u2019\u00e9quilibre. Depuis plus de 20 ans, nous formons chaque ann\u00e9e des kin\u00e9sith\u00e9rapeutes d\u00e9sireux d\u2019enrichir leur pratique avec les techniques les plus r\u00e9centes de r\u00e9\u00e9ducation vestibulaire.<\/p><h5 data-start=\"569\" data-end=\"604\">Une discipline en plein essor<\/h5><p data-start=\"605\" data-end=\"907\">Si la d\u00e9mocratisation du vestibulaire ne fait que commencer, V.I.R.E s\u2019est impos\u00e9 tr\u00e8s t\u00f4t comme un des acteurs pr\u00e9curseurs. L\u2019organisme a \u00e9t\u00e9 fond\u00e9 par <strong data-start=\"752\" data-end=\"769\">Alain Zeitoun<\/strong>, kin\u00e9sith\u00e9rapeute passionn\u00e9 dans le domaine du vertige, convaincu de l\u2019importance d\u2019int\u00e9grer cette expertise dans la r\u00e9\u00e9ducation moderne.<\/p><h5 data-start=\"909\" data-end=\"939\">Une expertise collective<\/h5><p data-start=\"940\" data-end=\"1281\">D\u00e8s ses d\u00e9buts, V.I.R.E a r\u00e9uni autour de lui des <strong data-start=\"990\" data-end=\"1060\">chercheurs en neurosciences, m\u00e9decins sp\u00e9cialis\u00e9s en neurologie et ORL, kin\u00e9sith\u00e9rapeutes exp\u00e9riment\u00e9s<\/strong>, afin de b\u00e2tir des programmes de formation complets, m\u00ealant th\u00e9orie et pratique. Cette approche collaborative garantit une transmission de savoir ancr\u00e9e dans la recherche scientifique et adapt\u00e9e aux r\u00e9alit\u00e9s cliniques.<\/p><h5 data-start=\"1639\" data-end=\"1682\">Des formations au c\u0153ur de la pratique<\/h5><p data-start=\"1683\" data-end=\"1958\">Les premi\u00e8res sessions se d\u00e9roulaient dans le cabinet d\u2019Alain Zeitoun. Aujourd\u2019hui, gr\u00e2ce \u00e0 son d\u00e9veloppement, V.I.R.E dispense ses formations au sein de l\u2019<strong data-start=\"1839\" data-end=\"1872\">H\u00f4pital de Cannes Simone Veil<\/strong>, offrant ainsi un cadre optimal pour l\u2019apprentissage et l\u2019exp\u00e9rimentation pratique.<\/p>\t\t\t\t\t\t\t\t<\/div>\n\t\t\t\t\t<\/div>\n\t\t\t\t<\/div>\n\t\t<div class=\"elementor-element elementor-element-691c428 e-flex e-con-boxed jltma-glass-effect-no e-con e-parent\" data-id=\"691c428\" data-element_type=\"container\" data-e-type=\"container\">\n\t\t\t\t\t<div class=\"e-con-inner\">\n\t\t\t\t<div class=\"elementor-element elementor-element-a00632b jltma-glass-effect-no elementor-widget elementor-widget-spacer\" data-id=\"a00632b\" data-element_type=\"widget\" data-e-type=\"widget\" data-widget_type=\"spacer.default\">\n\t\t\t\t\t\t\t<div class=\"elementor-spacer\">\n\t\t\t<div class=\"elementor-spacer-inner\"><\/div>\n\t\t<\/div>\n\t\t\t\t\t\t<\/div>\n\t\t\t\t\t<\/div>\n\t\t\t\t<\/div>\n\t\t\t\t<\/div>\n\t\t","protected":false},"excerpt":{"rendered":"<p>\u00c0 PROPOS DE NOUS Une r\u00e9f\u00e9rence dans la formation vestibulaire depuis 2004 Cr\u00e9\u00e9 en 2004 \u00e0 Cannes, V.I.R.E est un organisme de formation sp\u00e9cialis\u00e9 dans la prise en charge des vertiges, des instabilit\u00e9s et des troubles de l\u2019\u00e9quilibre. Depuis plus de 20 ans, nous formons chaque ann\u00e9e des kin\u00e9sith\u00e9rapeutes d\u00e9sireux d\u2019enrichir leur pratique avec les [&hellip;]<\/p>\n","protected":false},"author":1,"featured_media":0,"parent":0,"menu_order":0,"comment_status":"closed","ping_status":"closed","template":"elementor_header_footer","meta":{"_eb_attr":"","footnotes":""},"class_list":["post-326","page","type-page","status-publish","hentry"],"_links":{"self":[{"href":"https:\/\/vire.ovh\/index.php\/wp-json\/wp\/v2\/pages\/326","targetHints":{"allow":["GET"]}}],"collection":[{"href":"https:\/\/vire.ovh\/index.php\/wp-json\/wp\/v2\/pages"}],"about":[{"href":"https:\/\/vire.ovh\/index.php\/wp-json\/wp\/v2\/types\/page"}],"author":[{"embeddable":true,"href":"https:\/\/vire.ovh\/index.php\/wp-json\/wp\/v2\/users\/1"}],"replies":[{"embeddable":true,"href":"https:\/\/vire.ovh\/index.php\/wp-json\/wp\/v2\/comments?post=326"}],"version-history":[{"count":21,"href":"https:\/\/vire.ovh\/index.php\/wp-json\/wp\/v2\/pages\/326\/revisions"}],"predecessor-version":[{"id":768,"href":"https:\/\/vire.ovh\/index.php\/wp-json\/wp\/v2\/pages\/326\/revisions\/768"}],"wp:attachment":[{"href":"https:\/\/vire.ovh\/index.php\/wp-json\/wp\/v2\/media?parent=326"}],"curies":[{"name":"wp","href":"https:\/\/api.w.org\/{rel}","templated":true}]}}